{"id":2,"date":"2018-11-11T17:08:05","date_gmt":"2018-11-11T15:08:05","guid":{"rendered":"http:\/\/www.insyde-bildungstheorie.de\/?page_id=2"},"modified":"2025-03-31T13:17:29","modified_gmt":"2025-03-31T11:17:29","slug":"beispiel-seite","status":"publish","type":"page","link":"https:\/\/www.insyde-bildungstheorie.de\/","title":{"rendered":"Das ist Interdisciplinary Self-System Design INSYDE"},"content":{"rendered":"\n<p><\/p>\n\n\n\n<p><\/p>\n\n\n\n<p><\/p>\n\n\n<p>\n\n\n<\/p>\n<p>Der Ansatz &gt;Interdisziplin\u00e4re System-Bildung | Interdisciplinary Self-System Design INSYDE&lt; wurde 1976 von Dr. phil. habil. Wilhelm Walgenbach als Erziehungswissenschaftler am interdisziplin\u00e4ren &gt;Leibniz-Institut f\u00fcr die P\u00e4dagogik der Naturwissenschaften IPN&lt; an der Universit\u00e4t Kiel begr\u00fcndet.&nbsp; Direktor zu der Zeit war Prof. Dr. Karl Frey (sp\u00e4ter ETH Z\u00fcrich) war. Die <em>theoretische Weiterentwicklung<\/em> dieses Ansatzes erfolgte in einer ersten Phase in Diskussionen mit IPN-Kollegen aus verschiedenen Disziplinen ( Jan R. Bloch|Naturphilosophie, Harald Heidegger|Physik, Rudolf K\u00fcnzli| Erziehunsgwissenschaften, Mins Minssen|Biochemie, Patricia Nevers|Biotechnologie|, Peter Reinhold|Physikdidaktik, Wilhelm W. Westphal| Physik, Wilhelm T. Wolze|Physik + Wissenschafts- und Erkenntnistheorie) und wurde praktisch sowohl im Rahmen der Lehrplanarbeit, der Lehrerbildung, der Entwicklungen vo Curricula und deren Erprobung in Unterrichtsversuchen im Rahmen des Kollegstufenversuchs NW (Wissenschaftliche Leitung: Prof. Dr. Herwig Blankertz) und des Gesamtschulversuchs NW (Wissenschaftlicher Leiter der Lehrplangruppe &gt;NW im Wahlpflichtfach&lt;: Prof. Dr. Horst Bayrhuber).<\/p>\n<p><br><\/p>\n<p><br><\/p>\n<p>\n\n\n<\/p>\n<p>\n\n\n<\/p>\n<p>&nbsp;<\/p>\n","protected":false},"excerpt":{"rendered":"<p>Der Ansatz &gt;Interdisziplin\u00e4re System-Bildung | Interdisciplinary Self-System Design INSYDE&lt; wurde 1976 von Dr. phil. habil. Wilhelm Walgenbach als Erziehungswissenschaftler am interdisziplin\u00e4ren &gt;Leibniz-Institut f\u00fcr die P\u00e4dagogik der Naturwissenschaften IPN&lt; an der Universit\u00e4t Kiel begr\u00fcndet.&nbsp; Direktor zu der Zeit war Prof. Dr. Karl Frey (sp\u00e4ter ETH Z\u00fcrich) war. Die theoretische Weiterentwicklung dieses Ansatzes erfolgte in einer ersten &hellip; <a href=\"https:\/\/www.insyde-bildungstheorie.de\/\" class=\"more-link\"><span class=\"screen-reader-text\">Das ist Interdisciplinary Self-System Design INSYDE<\/span> weiterlesen <span class=\"meta-nav\">&rarr;<\/span><\/a><\/p>\n","protected":false},"author":1,"featured_media":216,"parent":0,"menu_order":0,"comment_status":"closed","ping_status":"closed","template":"","meta":{"footnotes":""},"class_list":["post-2","page","type-page","status-publish","has-post-thumbnail","hentry"],"_links":{"self":[{"href":"https:\/\/www.insyde-bildungstheorie.de\/index.php?rest_route=\/wp\/v2\/pages\/2","targetHints":{"allow":["GET"]}}],"collection":[{"href":"https:\/\/www.insyde-bildungstheorie.de\/index.php?rest_route=\/wp\/v2\/pages"}],"about":[{"href":"https:\/\/www.insyde-bildungstheorie.de\/index.php?rest_route=\/wp\/v2\/types\/page"}],"author":[{"embeddable":true,"href":"https:\/\/www.insyde-bildungstheorie.de\/index.php?rest_route=\/wp\/v2\/users\/1"}],"replies":[{"embeddable":true,"href":"https:\/\/www.insyde-bildungstheorie.de\/index.php?rest_route=%2Fwp%2Fv2%2Fcomments&post=2"}],"version-history":[{"count":58,"href":"https:\/\/www.insyde-bildungstheorie.de\/index.php?rest_route=\/wp\/v2\/pages\/2\/revisions"}],"predecessor-version":[{"id":320,"href":"https:\/\/www.insyde-bildungstheorie.de\/index.php?rest_route=\/wp\/v2\/pages\/2\/revisions\/320"}],"wp:featuredmedia":[{"embeddable":true,"href":"https:\/\/www.insyde-bildungstheorie.de\/index.php?rest_route=\/wp\/v2\/media\/216"}],"wp:attachment":[{"href":"https:\/\/www.insyde-bildungstheorie.de\/index.php?rest_route=%2Fwp%2Fv2%2Fmedia&parent=2"}],"curies":[{"name":"wp","href":"https:\/\/api.w.org\/{rel}","templated":true}]}}